{"id":9438,"date":"2025-02-08T14:36:56","date_gmt":"2025-02-08T13:36:56","guid":{"rendered":"https:\/\/freebooadvertising.com\/?page_id=9438"},"modified":"2025-02-18T04:43:08","modified_gmt":"2025-02-18T03:43:08","slug":"cookies-policy","status":"publish","type":"page","link":"https:\/\/freebooadvertising.com\/es\/cookies-policy\/","title":{"rendered":"Pol\u00edtica de cookies"},"content":{"rendered":"<div data-elementor-type=\"wp-page\" data-elementor-id=\"9438\" class=\"elementor elementor-9438\">\n\t\t\t\t<div class=\"elementor-element elementor-element-ffa484d e-con-full e-flex e-con e-parent\" data-id=\"ffa484d\" data-element_type=\"container\" data-settings=\"{&quot;wcf_enable_cursor_hover_effect_text&quot;:&quot;View&quot;,&quot;background_background&quot;:&quot;classic&quot;,&quot;wcf-animation&quot;:&quot;none&quot;}\">\n\t\t<div class=\"elementor-element elementor-element-942d65e e-flex e-con-boxed e-con e-child\" data-id=\"942d65e\" data-element_type=\"container\" data-settings=\"{&quot;wcf_enable_cursor_hover_effect_text&quot;:&quot;View&quot;,&quot;wcf-animation&quot;:&quot;none&quot;}\">\n\t\t\t\t\t<div class=\"e-con-inner\">\n\t\t<div class=\"elementor-element elementor-element-ce1a930 e-con-full e-transform e-flex e-con e-child\" data-id=\"ce1a930\" data-element_type=\"container\" data-settings=\"{&quot;wcf_enable_cursor_hover_effect_text&quot;:&quot;View&quot;,&quot;wcf-animation&quot;:&quot;none&quot;,&quot;_transform_scale_effect&quot;:{&quot;unit&quot;:&quot;px&quot;,&quot;size&quot;:&quot;&quot;,&quot;sizes&quot;:[]},&quot;_transform_scale_effect_widescreen&quot;:{&quot;unit&quot;:&quot;px&quot;,&quot;size&quot;:&quot;&quot;,&quot;sizes&quot;:[]},&quot;_transform_scale_effect_laptop&quot;:{&quot;unit&quot;:&quot;px&quot;,&quot;size&quot;:&quot;&quot;,&quot;sizes&quot;:[]},&quot;_transform_scale_effect_tablet_extra&quot;:{&quot;unit&quot;:&quot;px&quot;,&quot;size&quot;:&quot;&quot;,&quot;sizes&quot;:[]},&quot;_transform_scale_effect_tablet&quot;:{&quot;unit&quot;:&quot;px&quot;,&quot;size&quot;:&quot;&quot;,&quot;sizes&quot;:[]},&quot;_transform_scale_effect_mobile_extra&quot;:{&quot;unit&quot;:&quot;px&quot;,&quot;size&quot;:&quot;&quot;,&quot;sizes&quot;:[]},&quot;_transform_scale_effect_mobile&quot;:{&quot;unit&quot;:&quot;px&quot;,&quot;size&quot;:&quot;&quot;,&quot;sizes&quot;:[]}}\">\n\t\t<div class=\"elementor-element elementor-element-82fa285 e-con-full e-flex e-con e-child\" data-id=\"82fa285\" data-element_type=\"container\" data-settings=\"{&quot;wcf_enable_cursor_hover_effect_text&quot;:&quot;View&quot;,&quot;wcf-animation&quot;:&quot;none&quot;}\">\n\t\t\t\t<div class=\"elementor-element elementor-element-6092805 elementor-widget-mobile__width-inherit elementor-widget-laptop__width-initial wcf-t-animation-none elementor-widget elementor-widget-wcf--title\" data-id=\"6092805\" data-element_type=\"widget\" data-settings=\"{&quot;data-duration&quot;:0.75,&quot;fade_animation_breakpoint&quot;:&quot;mobile&quot;,&quot;wcf-animation&quot;:&quot;fade&quot;,&quot;fade-offset&quot;:40,&quot;wcf_text_animation&quot;:&quot;none&quot;,&quot;delay&quot;:0.15,&quot;on-scroll&quot;:1,&quot;fade-from&quot;:&quot;bottom&quot;,&quot;ease&quot;:&quot;power2.out&quot;,&quot;fade_breakpoint_min_max&quot;:&quot;min&quot;}\" data-widget_type=\"wcf--title.default\">\n\t\t\t\t<div class=\"elementor-widget-container\">\n\t\t\t\t\t<h1 class=\"wcf--title\">Pol\u00edtica de cookies<\/h1>\t\t\t\t<\/div>\n\t\t\t\t<\/div>\n\t\t\t\t<\/div>\n\t\t\t\t<\/div>\n\t\t<div class=\"elementor-element elementor-element-4246d36 e-con-full e-flex e-con e-child\" data-id=\"4246d36\" data-element_type=\"container\" data-settings=\"{&quot;wcf_enable_cursor_hover_effect_text&quot;:&quot;View&quot;,&quot;wcf-animation&quot;:&quot;none&quot;}\">\n\t\t\t\t<div class=\"elementor-element elementor-element-2ec48f9 elementor-widget-mobile_extra__width-inherit wcf-t-animation-none elementor-widget elementor-widget-wcf--text\" data-id=\"2ec48f9\" data-element_type=\"widget\" data-settings=\"{&quot;data-duration&quot;:0.75,&quot;fade_animation_breakpoint&quot;:&quot;mobile&quot;,&quot;wcf-animation&quot;:&quot;fade&quot;,&quot;fade-offset&quot;:40,&quot;wcf_text_animation&quot;:&quot;none&quot;,&quot;delay&quot;:0.15,&quot;on-scroll&quot;:1,&quot;fade-from&quot;:&quot;bottom&quot;,&quot;ease&quot;:&quot;power2.out&quot;,&quot;fade_breakpoint_min_max&quot;:&quot;min&quot;}\" data-widget_type=\"wcf--text.default\">\n\t\t\t\t<div class=\"elementor-widget-container\">\n\t\t\t\t\t<div class=\"wcf--text\"><p>\u00daltima actualizaci\u00f3n: 08 de febrero de 2025<br \/>Esta Pol\u00edtica de Cookies explica qu\u00e9 son las Cookies y c\u00f3mo las utilizamos. Usted debe leer esta pol\u00edtica para que pueda entender qu\u00e9 tipo de cookies utilizamos, o la informaci\u00f3n que recopilamos utilizando Cookies y c\u00f3mo se utiliza esa informaci\u00f3n. Esta Pol\u00edtica de Cookies ha sido creada con la ayuda del Generador de Pol\u00edtica de Cookies gratuito.<br \/>Las cookies no suelen contener informaci\u00f3n que identifique personalmente a un usuario, pero la informaci\u00f3n personal que almacenamos sobre Usted puede estar vinculada a la informaci\u00f3n almacenada y obtenida de las cookies. Para m\u00e1s informaci\u00f3n sobre c\u00f3mo utilizamos, almacenamos y mantenemos seguros sus datos personales, consulte nuestra Pol\u00edtica de Privacidad.<br \/>No almacenamos informaci\u00f3n personal sensible, como direcciones de correo, contrase\u00f1as de cuentas, etc. en las cookies que utilizamos.<\/p><p>\u00a0<\/p><h2>Interpretaci\u00f3n y definiciones<\/h2><h2><br \/>Interpretaci\u00f3n<\/h2><p>Las palabras cuya inicial aparece en may\u00fascula tienen los significados que se definen a continuaci\u00f3n. Las siguientes definiciones tendr\u00e1n el mismo significado independientemente de que aparezcan en singular o en plural.<br \/>Definiciones<\/p><p>A los efectos de la presente Pol\u00edtica de Cookies:<br \/>Empresa (denominada \"la Empresa\", \"Nosotros\", \"Nos\" o \"Nuestro\" en esta Pol\u00edtica de Cookies) se refiere a Freeboo Advertising, Oxford, Reino Unido.<br \/>Las cookies son peque\u00f1os archivos que un sitio web coloca en su ordenador, dispositivo m\u00f3vil o cualquier otro dispositivo y que contienen, entre otras cosas, informaci\u00f3n sobre su historial de navegaci\u00f3n en dicho sitio web.<br \/>El sitio web hace referencia a Freeboo Advertising, accesible desde https:\/\/www.freebooadvertising.com\/<br \/>Usted es la persona f\u00edsica que accede o utiliza el Sitio Web, o una empresa, o cualquier entidad jur\u00eddica en nombre de la cual dicha persona f\u00edsica accede o utiliza el Sitio Web, seg\u00fan proceda.<\/p><p>\u00a0<\/p><h2>Uso de las cookies<\/h2><h2><br \/>Tipo de cookies que utilizamos<\/h2><p>Las cookies pueden ser \"persistentes\" o \"de sesi\u00f3n\". Las Cookies persistentes permanecen en su ordenador personal o dispositivo m\u00f3vil cuando se desconecta, mientras que las Cookies de sesi\u00f3n se eliminan en cuanto cierra su navegador web.<br \/>Utilizamos tanto cookies de sesi\u00f3n como cookies persistentes para los fines que se indican a continuaci\u00f3n:<br \/>Cookies necesarias \/ esenciales<br \/>Tipo: Cookies de sesi\u00f3n<br \/>Administrado por: Us<br \/>Finalidad: Estas Cookies son esenciales para proporcionarle los servicios disponibles a trav\u00e9s del Sitio Web y permitirle utilizar algunas de sus funciones. Ayudan a autenticar a los usuarios y a evitar el uso fraudulento de las cuentas de usuario. Sin estas Cookies, los servicios que Usted ha solicitado no pueden ser proporcionados, y s\u00f3lo utilizamos estas Cookies para proporcionarle dichos servicios.<br \/>Cookies de funcionalidad<br \/>Tipo: Cookies persistentes<br \/>Administrado por: Us<br \/>Finalidad: Estas Cookies nos permiten recordar las elecciones que Usted realiza cuando utiliza el Sitio Web, como recordar sus datos de inicio de sesi\u00f3n o su preferencia de idioma. El objetivo de estas Cookies es proporcionarle una experiencia m\u00e1s personal y evitar que tenga que volver a introducir sus preferencias cada vez que utilice el Sitio Web.<\/p><p>\u00a0<\/p><h2>Sus opciones con respecto a las cookies<\/h2><p>Si prefiere evitar el uso de Cookies en el Sitio Web, primero debe desactivar el uso de Cookies en su navegador y despu\u00e9s eliminar las Cookies guardadas en su navegador asociadas a este sitio web. Puede utilizar esta opci\u00f3n para evitar el uso de Cookies en cualquier momento.<br \/>Si no acepta nuestras cookies, es posible que experimente algunos inconvenientes en el uso del sitio web y que algunas funciones no funcionen correctamente.<br \/>Si desea eliminar las cookies o indicar a su navegador que las elimine o rechace, visite las p\u00e1ginas de ayuda de su navegador.<br \/>Para el navegador web Chrome, visite esta p\u00e1gina de Google: https:\/\/support.google.com\/accounts\/answer\/32050<br \/>Para el navegador Internet Explorer, visite esta p\u00e1gina de Microsoft: http:\/\/support.microsoft.com\/kb\/278835<br \/>Para el navegador Firefox, visite esta p\u00e1gina de Mozilla: https:\/\/support.mozilla.org\/en-US\/kb\/delete-cookies-remove-info-websites-stored<br \/>Para el navegador Safari, visite esta p\u00e1gina de Apple: https:\/\/support.apple.com\/guide\/safari\/manage-cookies-and-website-data-sfri11471\/mac<br \/>Para cualquier otro navegador, visite las p\u00e1ginas oficiales de su navegador.<\/p><p>M\u00e1s informaci\u00f3n sobre las cookies<br \/>Puede obtener m\u00e1s informaci\u00f3n sobre las cookies: Cookies: \u00bfQu\u00e9 hacen?<\/p><p>\u00a0<\/p><h2>Contacta con nosotros<\/h2><p>Si tiene alguna pregunta sobre esta Pol\u00edtica de Cookies, puede ponerse en contacto con nosotros:<br \/>Visitando esta p\u00e1gina de nuestro sitio web: freebooadvertising.com\/legal<\/p><\/div>\t\t\t\t<\/div>\n\t\t\t\t<\/div>\n\t\t\t\t<\/div>\n\t\t\t\t\t<\/div>\n\t\t\t\t<\/div>\n\t\t\t\t<\/div>\n\t\t\t\t<\/div>","protected":false},"excerpt":{"rendered":"<p>Cookies Policy Last updated: February 08, 2025 This Cookies Policy explains what Cookies are and how We use them. You should read this policy so You can understand what type [&hellip;]<\/p>","protected":false},"author":2,"featured_media":0,"parent":0,"menu_order":0,"comment_status":"closed","ping_status":"closed","template":"elementor_header_footer","meta":{"footnotes":""},"class_list":["post-9438","page","type-page","status-publish","hentry"],"yoast_head":"<!-- This site is optimized with the Yoast SEO plugin v25.6 - https:\/\/yoast.com\/wordpress\/plugins\/seo\/ -->\n<title>Cookies Policy - Freeboo Advertising<\/title>\n<meta name=\"robots\" content=\"noindex, nofollow\" \/>\n<meta property=\"og:locale\" content=\"es_ES\" \/>\n<meta property=\"og:type\" content=\"article\" \/>\n<meta property=\"og:title\" content=\"Cookies Policy - Freeboo Advertising\" \/>\n<meta property=\"og:description\" content=\"Cookies Policy Last updated: February 08, 2025 This Cookies Policy explains what Cookies are and how We use them. You should read this policy so You can understand what type [&hellip;]\" \/>\n<meta property=\"og:url\" content=\"https:\/\/freebooadvertising.com\/es\/cookies-policy\/\" \/>\n<meta property=\"og:site_name\" content=\"Freeboo Advertising\" \/>\n<meta property=\"article:publisher\" content=\"https:\/\/www.facebook.com\/freebooadvertisingesp\/\" \/>\n<meta property=\"article:modified_time\" content=\"2025-02-18T03:43:08+00:00\" \/>\n<meta name=\"twitter:card\" content=\"summary_large_image\" \/>\n<meta name=\"twitter:label1\" content=\"Tiempo de lectura\" \/>\n\t<meta name=\"twitter:data1\" content=\"4 minutos\" \/>\n<script type=\"application\/ld+json\" class=\"yoast-schema-graph\">{\"@context\":\"https:\/\/schema.org\",\"@graph\":[{\"@type\":\"WebPage\",\"@id\":\"https:\/\/freebooadvertising.com\/cookies-policy\/\",\"url\":\"https:\/\/freebooadvertising.com\/cookies-policy\/\",\"name\":\"Cookies Policy - Freeboo Advertising\",\"isPartOf\":{\"@id\":\"\/#website\"},\"datePublished\":\"2025-02-08T13:36:56+00:00\",\"dateModified\":\"2025-02-18T03:43:08+00:00\",\"breadcrumb\":{\"@id\":\"https:\/\/freebooadvertising.com\/cookies-policy\/#breadcrumb\"},\"inLanguage\":\"es\",\"potentialAction\":[{\"@type\":\"ReadAction\",\"target\":[\"https:\/\/freebooadvertising.com\/cookies-policy\/\"]}]},{\"@type\":\"BreadcrumbList\",\"@id\":\"https:\/\/freebooadvertising.com\/cookies-policy\/#breadcrumb\",\"itemListElement\":[{\"@type\":\"ListItem\",\"position\":1,\"name\":\"Home\",\"item\":\"https:\/\/www.lightskyblue-falcon-388037.hostingersite.com\/\"},{\"@type\":\"ListItem\",\"position\":2,\"name\":\"Cookies Policy\"}]},{\"@type\":\"WebSite\",\"@id\":\"\/#website\",\"url\":\"\/\",\"name\":\"Freeboo Advertising\",\"description\":\"Get high-quality Marketing results without the high costs of an in-house department.\",\"publisher\":{\"@id\":\"\/#organization\"},\"potentialAction\":[{\"@type\":\"SearchAction\",\"target\":{\"@type\":\"EntryPoint\",\"urlTemplate\":\"\/?s={search_term_string}\"},\"query-input\":{\"@type\":\"PropertyValueSpecification\",\"valueRequired\":true,\"valueName\":\"search_term_string\"}}],\"inLanguage\":\"es\"},{\"@type\":\"Organization\",\"@id\":\"\/#organization\",\"name\":\"Freeboo Advertising\",\"url\":\"\/\",\"logo\":{\"@type\":\"ImageObject\",\"inLanguage\":\"es\",\"@id\":\"\/#\/schema\/logo\/image\/\",\"url\":\"https:\/\/www.freebooadvertising.com\/wp-content\/uploads\/2025\/02\/freeboo-logo.png\",\"contentUrl\":\"https:\/\/www.freebooadvertising.com\/wp-content\/uploads\/2025\/02\/freeboo-logo.png\",\"width\":521,\"height\":142,\"caption\":\"Freeboo Advertising\"},\"image\":{\"@id\":\"\/#\/schema\/logo\/image\/\"},\"sameAs\":[\"https:\/\/www.facebook.com\/freebooadvertisingesp\/\",\"https:\/\/www.instagram.com\/freeboo_advertising\/\",\"https:\/\/www.linkedin.com\/company\/freeboo-advertising\/\"]}]}<\/script>\n<!-- \/ Yoast SEO plugin. -->","yoast_head_json":{"title":"Cookies Policy - Freeboo Advertising","robots":{"index":"noindex","follow":"nofollow"},"og_locale":"es_ES","og_type":"article","og_title":"Cookies Policy - Freeboo Advertising","og_description":"Cookies Policy Last updated: February 08, 2025 This Cookies Policy explains what Cookies are and how We use them. You should read this policy so You can understand what type [&hellip;]","og_url":"https:\/\/freebooadvertising.com\/es\/cookies-policy\/","og_site_name":"Freeboo Advertising","article_publisher":"https:\/\/www.facebook.com\/freebooadvertisingesp\/","article_modified_time":"2025-02-18T03:43:08+00:00","twitter_card":"summary_large_image","twitter_misc":{"Tiempo de lectura":"4 minutos"},"schema":{"@context":"https:\/\/schema.org","@graph":[{"@type":"WebPage","@id":"https:\/\/freebooadvertising.com\/cookies-policy\/","url":"https:\/\/freebooadvertising.com\/cookies-policy\/","name":"Cookies Policy - Freeboo Advertising","isPartOf":{"@id":"\/#website"},"datePublished":"2025-02-08T13:36:56+00:00","dateModified":"2025-02-18T03:43:08+00:00","breadcrumb":{"@id":"https:\/\/freebooadvertising.com\/cookies-policy\/#breadcrumb"},"inLanguage":"es","potentialAction":[{"@type":"ReadAction","target":["https:\/\/freebooadvertising.com\/cookies-policy\/"]}]},{"@type":"BreadcrumbList","@id":"https:\/\/freebooadvertising.com\/cookies-policy\/#breadcrumb","itemListElement":[{"@type":"ListItem","position":1,"name":"Home","item":"https:\/\/www.lightskyblue-falcon-388037.hostingersite.com\/"},{"@type":"ListItem","position":2,"name":"Cookies Policy"}]},{"@type":"WebSite","@id":"\/#website","url":"\/","name":"Freeboo Advertising","description":"Obtenga resultados de marketing de alta calidad sin los altos costos de un departamento interno.","publisher":{"@id":"\/#organization"},"potentialAction":[{"@type":"SearchAction","target":{"@type":"EntryPoint","urlTemplate":"\/?s={search_term_string}"},"query-input":{"@type":"PropertyValueSpecification","valueRequired":true,"valueName":"search_term_string"}}],"inLanguage":"es"},{"@type":"Organization","@id":"\/#organization","name":"Freeboo Advertising","url":"\/","logo":{"@type":"ImageObject","inLanguage":"es","@id":"\/#\/schema\/logo\/image\/","url":"https:\/\/www.freebooadvertising.com\/wp-content\/uploads\/2025\/02\/freeboo-logo.png","contentUrl":"https:\/\/www.freebooadvertising.com\/wp-content\/uploads\/2025\/02\/freeboo-logo.png","width":521,"height":142,"caption":"Freeboo Advertising"},"image":{"@id":"\/#\/schema\/logo\/image\/"},"sameAs":["https:\/\/www.facebook.com\/freebooadvertisingesp\/","https:\/\/www.instagram.com\/freeboo_advertising\/","https:\/\/www.linkedin.com\/company\/freeboo-advertising\/"]}]}},"_links":{"self":[{"href":"https:\/\/freebooadvertising.com\/es\/wp-json\/wp\/v2\/pages\/9438","targetHints":{"allow":["GET"]}}],"collection":[{"href":"https:\/\/freebooadvertising.com\/es\/wp-json\/wp\/v2\/pages"}],"about":[{"href":"https:\/\/freebooadvertising.com\/es\/wp-json\/wp\/v2\/types\/page"}],"author":[{"embeddable":true,"href":"https:\/\/freebooadvertising.com\/es\/wp-json\/wp\/v2\/users\/2"}],"replies":[{"embeddable":true,"href":"https:\/\/freebooadvertising.com\/es\/wp-json\/wp\/v2\/comments?post=9438"}],"version-history":[{"count":0,"href":"https:\/\/freebooadvertising.com\/es\/wp-json\/wp\/v2\/pages\/9438\/revisions"}],"wp:attachment":[{"href":"https:\/\/freebooadvertising.com\/es\/wp-json\/wp\/v2\/media?parent=9438"}],"curies":[{"name":"wp","href":"https:\/\/api.w.org\/{rel}","templated":true}]}}